{"id":1929,"date":"2021-06-25T14:36:30","date_gmt":"2021-06-25T12:36:30","guid":{"rendered":"https:\/\/banusharbourproperties.com\/?page_id=1929"},"modified":"2021-06-28T23:43:11","modified_gmt":"2021-06-28T21:43:11","slug":"search-properties-results","status":"publish","type":"page","link":"https:\/\/banusharbourproperties.com\/en\/search-properties-results\/","title":{"rendered":"Search results"},"content":{"rendered":"<section class=\"wpb-content-wrapper\"><div class=\"vc_row wpb_row vc_row-fluid\"><div class=\"wpb_column vc_column_container vc_col-sm-12\"><div class=\"vc_column-inner\"><div class=\"wpb_wrapper\">\n\t<div class=\"wpb_text_column wpb_content_element\" >\n\t\t<div class=\"wpb_wrapper\">\n\t\t\t<div data-elementor-type=\"section\" data-elementor-id=\"1958\" class=\"elementor elementor-1958\" data-elementor-post-type=\"elementor_library\">\n\t\t\t\t\t\t\t\t<section class=\"elementor-section elementor-top-section elementor-element elementor-element-2ba1dba4 elementor-section-boxed elementor-section-height-default elementor-section-height-default\" data-id=\"2ba1dba4\" data-element_type=\"section\">\n\t\t\t\t\t\t<div class=\"elementor-container elementor-column-gap-default\">\n\t\t\t\t\t<div class=\"elementor-column elementor-col-100 elementor-top-column elementor-element elementor-element-54f4db21\" data-id=\"54f4db21\" data-element_type=\"column\">\n\t\t\t<div class=\"elementor-widget-wrap elementor-element-populated\">\n\t\t\t\t\t\t\t\t<div class=\"elementor-element elementor-element-49c6ca8b elementor-button-align-stretch elementor-widget elementor-widget-houzez_elementor_search_builder\" data-id=\"49c6ca8b\" data-element_type=\"widget\" data-widget_type=\"houzez_elementor_search_builder.default\">\n\t\t\t\t<div class=\"elementor-widget-container\">\n\t\t\t\n        <form class=\"houzez-search-form-js houzez-search-builder-form-js\" id=\"houzez-search-49c6ca8b\" method=\"get\" action=\"https:\/\/banusharbourproperties.com\/en\/search-properties-results\/\" data-trp-original-action=\"https:\/\/banusharbourproperties.com\/en\/search-properties-results\/\" >\n\n            \n            <div class=\"houzez-ele-search-form-wrapper elementor-form-fields-wrapper elementor-labels-above\">\n\n                                        <div class=\"elementor-field-group elementor-column form-group elementor-field-group-field-status elementor-col-16 elementor-sm-50\">\n                    <label for=\"form-field-field-status\" class=\"elementor-field-label\">Select<\/label>        <div class=\"elementor-field elementor-select-wrapper\">\n            <select data-size=\"5\" name=\"status[]\" id=\"form-field-field-status\" class=\"selectpicker bs-select-hidden houzez-field-textual form-control elementor-size-sm status-js\" data-none-results-text=\"Ning\u00fan resultado {0}\">\n                <option value=\"\">All Status<\/option><option data-ref=\"rental\"   value=\"rental\">Exclusive Rentals<\/option><option data-ref=\"buy\"   value=\"buy\">Buy<\/option><option data-ref=\"new-development\"  value=\"new-development\"> - New Development<\/option>            <\/select>\n        <\/div>\n                            <\/div>\n                    \n                                            <div class=\"elementor-field-group elementor-column form-group elementor-field-group-field-types elementor-col-16 elementor-sm-50\">\n                    <label for=\"form-field-field-types\" class=\"elementor-field-label\">Type<\/label>        <div class=\"elementor-field elementor-select-wrapper\">\n            <select data-size=\"5\" name=\"type[]\" id=\"form-field-field-types\" class=\"selectpicker bs-select-hidden houzez-field-textual form-control elementor-size-sm\" data-none-results-text=\"Ning\u00fan resultado {0}\">\n                <option value=\"\">All Types<\/option><option data-ref=\"adosado\"   value=\"adosado\">Adosado<\/option><option data-ref=\"apartamento\"   value=\"apartamento\">Apartment<\/option><option data-ref=\"comercian\"   value=\"comercian\">Commercial<\/option><option data-ref=\"pareado\"   value=\"pareado\">Pareado<\/option><option data-ref=\"terreno\"   value=\"terreno\">Land<\/option><option data-ref=\"villa\"   value=\"villa\">Villa<\/option>            <\/select>\n        <\/div>\n                            <\/div>\n                    \n                                            <div class=\"elementor-field-group elementor-column form-group elementor-field-group-field-cities elementor-col-20\">\n                    <label for=\"form-field-field-cities\" class=\"elementor-field-label\">Area<\/label>        <div class=\"elementor-field elementor-select-wrapper\">\n            <select data-size=\"5\" name=\"location[]\" id=\"form-field-field-cities\" class=\"selectpicker bs-select-hidden houzez-field-textual form-control elementor-size-sm houzezSelectFilter houzezCityFilter houzezThirdList houzez-city-js\" data-none-results-text=\"Ning\u00fan resultado {0}\" data-target=\"houzezFourthList\">\n                <option value=\"\">All Areas<\/option><option data-ref=\"benahavis\" data-belong=\"\" data-subtext=\"\" value=\"benahavis\">Benahav\u00eds<\/option><option data-ref=\"buenos-aires\" data-belong=\"\" data-subtext=\"\" value=\"buenos-aires\">Buenos Aires<\/option><option data-ref=\"mijas\" data-belong=\"\" data-subtext=\"\" value=\"mijas\">Mijas<\/option><option data-ref=\"golden-mile\" data-belong=\"\" data-subtext=\"\" value=\"golden-mile\">Golden Mile<\/option><option data-ref=\"estepona\" data-belong=\"\" data-subtext=\"\" value=\"estepona\">Estepona<\/option><option data-ref=\"marbella-east\" data-belong=\"\" data-subtext=\"\" value=\"marbella-east\">Marbella East<\/option><option data-ref=\"puerto-banus\" data-belong=\"\" data-subtext=\"\" value=\"puerto-banus\">Puerto Ban\u00fas<\/option>            <\/select>\n        <\/div>\n                            <\/div>\n                    \n                                            <div class=\"elementor-field-group elementor-column form-group elementor-field-group-86ff556 elementor-col-20\">\n                    <label for=\"form-field-86ff556\" class=\"elementor-field-label\">Subarea<\/label>        <div class=\"elementor-field elementor-select-wrapper\">\n            <select data-size=\"5\" name=\"areas[]\" id=\"form-field-86ff556\" class=\"selectpicker bs-select-hidden houzez-field-textual form-control elementor-size-sm houzezSelectFilter houzezFourthList\" data-none-results-text=\"Ning\u00fan resultado {0}\">\n                <option value=\"\">All the Sub-areas<\/option><option data-ref=\"altos-de-elviria\" data-belong=\"marbella-east\" data-subtext=\"Marbella East\" value=\"altos-de-elviria\">Altos de Elviria<\/option><option data-ref=\"bahia-de-marbella\" data-belong=\"marbella-east\" data-subtext=\"Marbella East\" value=\"bahia-de-marbella\">Bah\u00eda de Marbella<\/option><option data-ref=\"buenos-aires\" data-belong=\"\" data-subtext=\"\" value=\"buenos-aires\">Buenos Aires<\/option><option data-ref=\"cabopino\" data-belong=\"marbella-east\" data-subtext=\"Marbella East\" value=\"cabopino\">Cabopino<\/option><option data-ref=\"calahonda\" data-belong=\"\" data-subtext=\"\" value=\"calahonda\">Calahonda<\/option><option data-ref=\"casablanca\" data-belong=\"golden-mile\" data-subtext=\"Golden Mile\" value=\"casablanca\">Casablanca<\/option><option data-ref=\"cascada-de-camojan\" data-belong=\"golden-mile\" data-subtext=\"Golden Mile\" value=\"cascada-de-camojan\">Cascada de Camoj\u00e1n<\/option><option data-ref=\"costabella\" data-belong=\"marbella-east\" data-subtext=\"Marbella East\" value=\"costabella\">Costabella<\/option><option data-ref=\"el-madronal\" data-belong=\"benahavis\" data-subtext=\"Benahav\u00eds\" value=\"el-madronal\">El Madro\u00f1al<\/option><option data-ref=\"el-rosario\" data-belong=\"marbella-east\" data-subtext=\"Marbella East\" value=\"el-rosario\">El Rosario<\/option><option data-ref=\"elviria\" data-belong=\"marbella-east\" data-subtext=\"Marbella East\" value=\"elviria\">Elviria<\/option><option data-ref=\"golden-mile\" data-belong=\"\" data-subtext=\"\" value=\"golden-mile\">Golden Mile<\/option><option data-ref=\"hacienda-las-chapas\" data-belong=\"marbella-east\" data-subtext=\"Marbella East\" value=\"hacienda-las-chapas\">Hacienda las Chapas<\/option><option data-ref=\"la-alqueria\" data-belong=\"benahavis\" data-subtext=\"Benahav\u00eds\" value=\"la-alqueria\">La Alquer\u00eda<\/option><option data-ref=\"la-cala-de-mijas-golf\" data-belong=\"\" data-subtext=\"\" value=\"la-cala-de-mijas-golf\">La Cala de Mijas Golf<\/option><option data-ref=\"la-concha\" data-belong=\"\" data-subtext=\"\" value=\"la-concha\">La Concha<\/option><option data-ref=\"la-heredia\" data-belong=\"benahavis\" data-subtext=\"Benahav\u00eds\" value=\"la-heredia\">La Heredia<\/option><option data-ref=\"la-quinta\" data-belong=\"benahavis\" data-subtext=\"Benahav\u00eds\" value=\"la-quinta\">La Quinta<\/option><option data-ref=\"la-reserva-de-alcuzcuz\" data-belong=\"benahavis\" data-subtext=\"Benahav\u00eds\" value=\"la-reserva-de-alcuzcuz\">La Reserva de Alcuzcuz<\/option><option data-ref=\"la-reserva-de-los-monteros\" data-belong=\"\" data-subtext=\"\" value=\"la-reserva-de-los-monteros\">La Reserva de los Monteros<\/option><option data-ref=\"la-zagaleta\" data-belong=\"benahavis\" data-subtext=\"Benahav\u00eds\" value=\"la-zagaleta\">La Zagaleta<\/option><option data-ref=\"lomas-de-la-quinta\" data-belong=\"\" data-subtext=\"\" value=\"lomas-de-la-quinta\">Lomas de la Quinta<\/option><option data-ref=\"lomas-de-marbella-club\" data-belong=\"golden-mile\" data-subtext=\"Golden Mile\" value=\"lomas-de-marbella-club\">Lomas de Marbella Club<\/option><option data-ref=\"los-altos-de-los-monteros\" data-belong=\"marbella-east\" data-subtext=\"Marbella East\" value=\"los-altos-de-los-monteros\">Los Altos de los Monteros<\/option><option data-ref=\"los-arqueros\" data-belong=\"benahavis\" data-subtext=\"Benahav\u00eds\" value=\"los-arqueros\">Los Arqueros<\/option><option data-ref=\"los-flamingos-golf\" data-belong=\"benahavis\" data-subtext=\"Benahav\u00eds\" value=\"los-flamingos-golf\">Los Flamingos Golf<\/option><option data-ref=\"los-monteros\" data-belong=\"marbella-east\" data-subtext=\"Marbella East\" value=\"los-monteros\">Los Monteros<\/option><option data-ref=\"marbella\" data-belong=\"\" data-subtext=\"\" value=\"marbella\">Marbella<\/option><option data-ref=\"marbella-golf-club-resort\" data-belong=\"benahavis\" data-subtext=\"Benahav\u00eds\" value=\"marbella-golf-club-resort\">Marbella Golf Club Resort<\/option><option data-ref=\"marbesa\" data-belong=\"marbella-east\" data-subtext=\"Marbella East\" value=\"marbesa\">Marbesa<\/option><option data-ref=\"monte-mayor\" data-belong=\"benahavis\" data-subtext=\"Benahav\u00eds\" value=\"monte-mayor\">Monte Mayor<\/option><option data-ref=\"nueva-andalucia\" data-belong=\"puerto-banus\" data-subtext=\"Puerto Ban\u00fas\" value=\"nueva-andalucia\">Nueva Andaluc\u00eda<\/option><option data-ref=\"paraiso-alto\" data-belong=\"benahavis\" data-subtext=\"Benahav\u00eds\" value=\"paraiso-alto\">Para\u00edso Alto<\/option><option data-ref=\"puente-romano\" data-belong=\"golden-mile\" data-subtext=\"Golden Mile\" value=\"puente-romano\">Puente Romano<\/option><option data-ref=\"puerto-banus\" data-belong=\"puerto-banus\" data-subtext=\"Puerto Ban\u00fas\" value=\"puerto-banus\">Puerto Ban\u00fas<\/option><option data-ref=\"puerto-del-almendro\" data-belong=\"benahavis\" data-subtext=\"Benahav\u00eds\" value=\"puerto-del-almendro\">Puerto del Almendro<\/option><option data-ref=\"rio-real\" data-belong=\"marbella-east\" data-subtext=\"Marbella East\" value=\"rio-real\">R\u00edo Real<\/option><option data-ref=\"royal-flamingos\" data-belong=\"benahavis\" data-subtext=\"Benahav\u00eds\" value=\"royal-flamingos\">Royal Flamingos<\/option><option data-ref=\"sierra-blanca\" data-belong=\"golden-mile\" data-subtext=\"Golden Mile\" value=\"sierra-blanca\">Sierra Blanca<\/option>            <\/select>\n        <\/div>\n                            <\/div>\n                    \n                                            <div class=\"elementor-field-group elementor-column form-group elementor-field-group-7fa1792 elementor-col-20 houzez-ele-price-slider\">\n                            <div class=\"range-text\">\n            <input type=\"hidden\" name=\"min-price\" class=\"min-price-range-hidden range-input\" readonly>\n            <input type=\"hidden\" name=\"max-price\" class=\"max-price-range-hidden range-input\" readonly>\n            <span class=\"range-title\"><\/span> From <span class=\"min-price-range\"><\/span> To <span class=\"max-price-range\"><\/span>\n        <\/div><!-- range-text -->\n        <div class=\"price-range-wrap\">\n            <div class=\"price-range\"><\/div>\n        <\/div>\n    \n                            <\/div>\n                    \n                                            <div class=\"elementor-field-group elementor-column form-group elementor-field-group-field-beds elementor-col-12 elementor-sm-50\">\n                    <label for=\"form-field-field-beds\" class=\"elementor-field-label\">Bedrooms<\/label>        <div class=\"elementor-field elementor-select-wrapper\">\n            <select data-size=\"5\" name=\"bedrooms\" id=\"form-field-field-beds\" class=\"selectpicker bs-select-hidden houzez-field-textual form-control elementor-size-sm\">\n                <option value=\"\">Bedrooms<\/option><option value=\"1\">1<\/option><option value=\"2\">2<\/option><option value=\"3\">3<\/option><option value=\"4\">4<\/option><option value=\"5\">5<\/option><option value=\"6\">6<\/option><option value=\"7\">7<\/option><option value=\"8\">8<\/option><option value=\"9\">9<\/option><option value=\"10\">10<\/option><option value=\"any\">Cualquiera<\/option>            <\/select>\n        <\/div>\n                            <\/div>\n                    \n                                            <div class=\"elementor-field-group elementor-column form-group elementor-field-group-field-baths elementor-col-12 elementor-sm-50\">\n                    <label for=\"form-field-field-baths\" class=\"elementor-field-label\">Bathrooms<\/label>        <div class=\"elementor-field elementor-select-wrapper\">\n            <select data-size=\"5\" name=\"bedrooms\" id=\"form-field-field-baths\" class=\"selectpicker bs-select-hidden houzez-field-textual form-control elementor-size-sm\">\n                <option value=\"\">Bathrooms<\/option><option value=\"1\">1<\/option><option value=\"2\">2<\/option><option value=\"3\">3<\/option><option value=\"4\">4<\/option><option value=\"5\">5<\/option><option value=\"6\">6<\/option><option value=\"7\">7<\/option><option value=\"8\">8<\/option><option value=\"9\">9<\/option><option value=\"10\">10<\/option><option value=\"any\">Cualquiera<\/option>            <\/select>\n        <\/div>\n                            <\/div>\n                    \n                                            <div class=\"elementor-field-group elementor-column form-group elementor-field-group-field-min-area elementor-col-16 elementor-sm-50\">\n                    <label for=\"form-field-field-min-area\" class=\"elementor-field-label\">Min. Area<\/label><input type=\"number\" size=\"1\" name=\"min-area\" id=\"form-field-field-min-area\" class=\"elementor-field form-control elementor-size-sm elementor-field-textual\" placeholder=\"Min. Area\">                    <\/div>\n                    \n                                            <div class=\"elementor-field-group elementor-column form-group elementor-field-group-field-max-area elementor-col-16 elementor-sm-50\">\n                    <label for=\"form-field-field-max-area\" class=\"elementor-field-label\">Max. Area<\/label><input type=\"number\" size=\"1\" name=\"max-area\" id=\"form-field-field-max-area\" class=\"elementor-field form-control elementor-size-sm elementor-field-textual\" placeholder=\"Max. Area \">                    <\/div>\n                    \n                                            <div class=\"elementor-field-group elementor-column form-group elementor-field-group-a8a0b85 elementor-col-20\">\n                    <label for=\"form-field-a8a0b85\" class=\"elementor-field-label\">Rental Type<\/label>        <div class=\"elementor-field elementor-select-wrapper\">\n            <select data-size=\"5\" name=\"label[]\" id=\"form-field-a8a0b85\" class=\"selectpicker bs-select-hidden houzez-field-textual form-control elementor-size-sm\" data-none-results-text=\"Ning\u00fan resultado {0}\">\n                <option value=\"\">Rental Type<\/option><option data-ref=\"alquiler-corta-temporada\"   value=\"alquiler-corta-temporada\">Short-term Rental<\/option><option data-ref=\"alquiler-larga-temporada\"   value=\"alquiler-larga-temporada\">Long-term Rental<\/option>            <\/select>\n        <\/div>\n                            <\/div>\n                    \n                                                <div class=\"elementor-field-group elementor-column elementor-field-type-submit elementor-col-20\">\n                                <button type=\"submit\" class=\"btn houzez-search-button elementor-button elementor-size-sm\">\n                                                                            Search                                                                    <\/button>\n                            <\/div>\n                            \n                    \n            <\/div><!-- End wrapper-->\n\n        <input type=\"hidden\" name=\"trp-form-language\" value=\"en\"\/><\/form>\n\n        \t\t<\/div>\n\t\t\t\t<\/div>\n\t\t\t\t\t<\/div>\n\t\t<\/div>\n\t\t\t\t\t\t\t<\/div>\n\t\t<\/section>\n\t\t\t\t\t\t<\/div>\n\t\t\t\t<div data-elementor-type=\"section\" data-elementor-id=\"1962\" class=\"elementor elementor-1962\" data-elementor-post-type=\"elementor_library\">\n\t\t\t\t\t\t\t\t<section class=\"elementor-section elementor-top-section elementor-element elementor-element-65bd1dde elementor-section-boxed elementor-section-height-default elementor-section-height-default\" data-id=\"65bd1dde\" data-element_type=\"section\">\n\t\t\t\t\t\t<div class=\"elementor-container elementor-column-gap-default\">\n\t\t\t\t\t<div class=\"elementor-column elementor-col-100 elementor-top-column elementor-element elementor-element-5143c79d\" data-id=\"5143c79d\" data-element_type=\"column\">\n\t\t\t<div class=\"elementor-widget-wrap elementor-element-populated\">\n\t\t\t\t\t\t\t\t<div class=\"elementor-element elementor-element-fc9b7d6 elementor-widget elementor-widget-html\" data-id=\"fc9b7d6\" data-element_type=\"widget\" data-widget_type=\"html.default\">\n\t\t\t\t<div class=\"elementor-widget-container\">\n\t\t\t<script>\njQuery( document ).ready(function() {\n\n\/\/funtion to format numbers\nfunction addDots(nStr)\n{\n    nStr += '';\n    x = nStr.split(',');\n    x1 = x[0];\n    x2 = x.length > 1 ? ',' + x[1] : '';\n    var rgx = \/(\\d+)(\\d{3})\/;\n    while (rgx.test(x1)) {\n        x1 = x1.replace(rgx, '$1' + '.' + '$2');\n    }\n    return x1 + x2;\n}\n    \n\/\/read GET values\nvar $_GET = {};\n\ndocument.location.search.replace(\/\\??(?:([^=]+)=([^&]*)&?)\/g, function () {\n    function decode(s) {\n        return decodeURIComponent(s.split(\"+\").join(\" \"));\n    }\n\n    $_GET[decode(arguments[1])] = decode(arguments[2]);\n});\nmin_price = $_GET[\"min-price\"];\nif (min_price == null){\nmin_price = 200000;\n}\nmax_price = $_GET[\"max-price\"];\nif (max_price == null){\nmax_price = 60000000;\n}      \n\/\/set hidden fields      \n    jQuery(\"input[name='min-price'\").val(min_price);\n    jQuery(\"input[name='max-price'\").val(max_price);\n\/\/set slider values    \n    jQuery(\".price-range\").slider({\n                values: [min_price,max_price]});\n\/\/set text slider                \njQuery('.min-price-range').html(addDots(min_price)+'\u20ac');\njQuery('.max-price-range').html(addDots(max_price)+'\u20ac');\n\n\/*check status change to show\/hide rental type*\/\n\nif(jQuery('#form-field-field-status option').filter(':selected').val()!='rental'){\n  \tjQuery(\"#form-field-a8a0b85\")[0].selectedIndex = 0;\n  \tjQuery(\".elementor-field-group-a8a0b85\").hide();\n  }\njQuery('#form-field-field-status').on('change', function() {\n  if(jQuery('#form-field-field-status option').filter(':selected').val()=='rental'){\n    jQuery(\".elementor-field-group-a8a0b85\").show();\n  } else {\n  \tjQuery(\"#form-field-a8a0b85\")[0].selectedIndex = 0;\n  \tjQuery(\".elementor-field-group-a8a0b85\").hide();\n  }\n});\n\n\n});\n<\/script>\t\t<\/div>\n\t\t\t\t<\/div>\n\t\t\t\t\t<\/div>\n\t\t<\/div>\n\t\t\t\t\t\t\t<\/div>\n\t\t<\/section>\n\t\t\t\t\t\t<\/div>\n\n\t\t<\/div>\n\t<\/div>\n<\/div><\/div><\/div><\/div>\n<\/section>","protected":false},"excerpt":{"rendered":"Estado Todos los EstadosExclusive RentalsBuy - New Development Tipo Todos los TiposAdosadoApartmentCommercialPareadoLandVilla \u00c1rea Todas las \u00c1reasBenahav\u00edsBuenos AiresMijasGolden MileEsteponaMarbella EastPuerto Ban\u00fas Zona Todas las ZonasAltos de ElviriaBah\u00eda de MarbellaBuenos AiresCabopinoCalahondaCasablancaCascada de Camoj\u00e1nCostabellaEl Madro\u00f1alEl RosarioElviriaGolden MileHacienda las ChapasLa Alquer\u00edaLa Cala de Mijas GolfLa ConchaLa HerediaLa QuintaLa Reserva de AlcuzcuzLa Reserva de los MonterosLa ZagaletaLomas de la QuintaLomas [...]","protected":false},"author":1,"featured_media":0,"parent":0,"menu_order":0,"comment_status":"closed","ping_status":"closed","template":"template\/template-search.php","meta":{"inline_featured_image":false,"footnotes":""},"class_list":["post-1929","page","type-page","status-publish","hentry"],"_links":{"self":[{"href":"https:\/\/banusharbourproperties.com\/en\/wp-json\/wp\/v2\/pages\/1929","targetHints":{"allow":["GET"]}}],"collection":[{"href":"https:\/\/banusharbourproperties.com\/en\/wp-json\/wp\/v2\/pages"}],"about":[{"href":"https:\/\/banusharbourproperties.com\/en\/wp-json\/wp\/v2\/types\/page"}],"author":[{"embeddable":true,"href":"https:\/\/banusharbourproperties.com\/en\/wp-json\/wp\/v2\/users\/1"}],"replies":[{"embeddable":true,"href":"https:\/\/banusharbourproperties.com\/en\/wp-json\/wp\/v2\/comments?post=1929"}],"version-history":[{"count":22,"href":"https:\/\/banusharbourproperties.com\/en\/wp-json\/wp\/v2\/pages\/1929\/revisions"}],"predecessor-version":[{"id":2136,"href":"https:\/\/banusharbourproperties.com\/en\/wp-json\/wp\/v2\/pages\/1929\/revisions\/2136"}],"wp:attachment":[{"href":"https:\/\/banusharbourproperties.com\/en\/wp-json\/wp\/v2\/media?parent=1929"}],"curies":[{"name":"wp","href":"https:\/\/api.w.org\/{rel}","templated":true}]}}